{"id":2,"date":"2019-06-10T12:03:41","date_gmt":"2019-06-10T12:03:41","guid":{"rendered":"https:\/\/abc-plasticsnews.fi\/?page_id=2"},"modified":"2023-10-12T19:44:09","modified_gmt":"2023-10-12T19:44:09","slug":"about","status":"publish","type":"page","link":"https:\/\/abc-plasticsnews.fi\/?page_id=2","title":{"rendered":"MEIST\u00c4 JA LEHDEST\u00c4MME"},"content":{"rendered":"\n<p><strong>ABC Plastics News<\/strong> on kaikille muovialan toimijoille tarkoitettu ammattilehti. Lehti tarjoaa yli 1.600 lukijalleen uusinta uutta niin valmistus- kuin materiaalitekniikan alalta. Niin ik\u00e4\u00e4n se antaa apua ja ohjeita muovituotteiden designista ja suunnittelusta vastaaville. Muoviosia ja -komponentteja tuotteissa k\u00e4ytt\u00e4v\u00e4 teollisuus, kuten vedenk\u00e4sittely ja koneenrakennus, on koko ajan suuremmassa roolissa lehden levikin laajentuessa nopeasti. Tavoitteena on, ett\u00e4 2.000 lukijan raja ylitet\u00e4\u00e4n jo numerossa 3\/2019.<\/p>\n\n\n\n<p>Lehden perusarvoihin ja toimituspolitiikkaan kuuluvat korkea osaamistaso ja avoimuus. Lehden edustaman <strong>muovimission<\/strong> tavoitteena on jakaa muovialalle syntyv\u00e4\u00e4 uusinta uutta \u2013 niin yliopistotutkimuksen kuin kaupallisenkin kehitysty\u00f6n tuottamaa soveltavaa huippuosaamista eri puolilta maailmaa. Lehden toiminta on puolueetonta, eik\u00e4 sen omistukseen liity kaupallisia sitoumuksia.<\/p>\n\n\n\n<p>ABC Plastics News levi\u00e4\u00e4 p\u00e4\u00e4osin Suomessa ja sellaisille toimijoille, jotka ovat tekemisiss\u00e4 muovituotteiden muotoilun, suunnittelun ja valmistuksen kanssa. Lehden levikki kattaa merkitt\u00e4v\u00e4t kaupalliset toimittajat raaka-aineisiin, koneisiin ja laitteisiin liittyen. Niin ik\u00e4\u00e4n sen lukijakuntaan kuuluvat henkil\u00f6t muovitutkimuksen piirist\u00e4. Eik\u00e4 lehti ole unohtanut rahoittajia tai p\u00e4\u00e4t\u00f6ksentekij\u00f6it\u00e4 levikkins\u00e4 piirist\u00e4.<\/p>\n\n\n\n<h4 class=\"wp-block-heading\">Toimitustiimimme<\/h4>\n\n\n\n<p>Lehtemme syntyy tiiviiss\u00e4 yhteisty\u00f6ss\u00e4 muovialan asiantuntijoiden kanssa heid\u00e4n osaamiseensa tukeutuen. T\u00e4ss\u00e4 laaja verkostomme on keskeisess\u00e4 roolissa. My\u00f6s oma osaamisemme ja vuosien mittaan ker\u00e4\u00e4ntynyt kokemuksemme muoveista ja niist\u00e4 valmistettavista tuotteista on oleellista lehtemme toimittamisessa.<\/p>\n\n\n\n<div class=\"wp-block-media-text is-stacked-on-mobile alignwide\"><figure class=\"wp-block-media-text__media\"><img loading=\"lazy\" decoding=\"async\" width=\"1024\" height=\"768\" src=\"https:\/\/abc-plasticsnews.fi\/wp-content\/uploads\/2019\/09\/IMG_0418-pienennetty-1-1024x768.jpg\" alt=\"\" class=\"wp-image-823 size-full\" srcset=\"https:\/\/abc-plasticsnews.fi\/wp-content\/uploads\/2019\/09\/IMG_0418-pienennetty-1-1024x768.jpg 1024w, https:\/\/abc-plasticsnews.fi\/wp-content\/uploads\/2019\/09\/IMG_0418-pienennetty-1-300x225.jpg 300w, https:\/\/abc-plasticsnews.fi\/wp-content\/uploads\/2019\/09\/IMG_0418-pienennetty-1-768x576.jpg 768w, https:\/\/abc-plasticsnews.fi\/wp-content\/uploads\/2019\/09\/IMG_0418-pienennetty-1.jpg 1632w\" sizes=\"auto, (max-width: 1024px) 100vw, 1024px\" \/><\/figure><div class=\"wp-block-media-text__content\">\n<p class=\"has-medium-font-size\"><strong>Karita Sil\u00e9n <\/strong>p\u00e4\u00e4toimittaja <\/p>\n\n\n\n<ul class=\"wp-block-list\">\n<li>3D\/AM-teknologiat <\/li>\n\n\n\n<li>design ja muotoilu<\/li>\n\n\n\n<li>muovit rakentamisessa<\/li>\n\n\n\n<li>vesitalouden materiaalit<\/li>\n\n\n\n<li>kest\u00e4v\u00e4 kehitys, kiertotalous<\/li>\n\n\n\n<li>yhteiskuntasuhteet<\/li>\n<\/ul>\n\n\n\n<p><a href=\"https:\/\/www.linkedin.com\/in\/karita-sil\u00e9n-94a21a48\"><img loading=\"lazy\" decoding=\"async\" width=\"126\" height=\"126\" class=\"wp-image-830\" style=\"width: 126px;\" src=\"https:\/\/abc-plasticsnews.fi\/wp-content\/uploads\/2019\/09\/image-3.png\" alt=\"\"><\/a><\/p>\n<\/div><\/div>\n\n\n\n<div class=\"wp-block-media-text is-stacked-on-mobile alignwide\"><figure class=\"wp-block-media-text__media\"><img loading=\"lazy\" decoding=\"async\" width=\"1024\" height=\"769\" src=\"https:\/\/abc-plasticsnews.fi\/wp-content\/uploads\/2019\/09\/jukka-kuva-lehteen-meist\u00e4-sivulle-e1569067214706-1024x769.jpeg\" alt=\"\" class=\"wp-image-805 size-full\" srcset=\"https:\/\/abc-plasticsnews.fi\/wp-content\/uploads\/2019\/09\/jukka-kuva-lehteen-meist\u00e4-sivulle-e1569067214706-1024x769.jpeg 1024w, https:\/\/abc-plasticsnews.fi\/wp-content\/uploads\/2019\/09\/jukka-kuva-lehteen-meist\u00e4-sivulle-e1569067214706-300x225.jpeg 300w, https:\/\/abc-plasticsnews.fi\/wp-content\/uploads\/2019\/09\/jukka-kuva-lehteen-meist\u00e4-sivulle-e1569067214706-768x577.jpeg 768w\" sizes=\"auto, (max-width: 1024px) 100vw, 1024px\" \/><\/figure><div class=\"wp-block-media-text__content\">\n<p class=\"has-medium-font-size\"><strong>Jukka Sil\u00e9n<\/strong> teknologiatoimittaja, muovialan asiantuntija<\/p>\n\n\n\n<ul class=\"wp-block-list\">\n<li>muovien ja metallien materiaalitekniikka<\/li>\n\n\n\n<li>muovituotteiden valmistus<\/li>\n\n\n\n<li>muotit ja ty\u00f6kalut<\/li>\n\n\n\n<li>tuotteiden ja muoviprosessien optimointi<\/li>\n\n\n\n<li>laatu ja vaatimuksenmukaisuus<\/li>\n<\/ul>\n\n\n\n<p><a href=\"http:\/\/www.linkedin.com\/in\/jukka-sil\u00e9n-45566413\"><img loading=\"lazy\" decoding=\"async\" width=\"100\" height=\"100\" class=\"wp-image-830\" style=\"width: 100px;\" src=\"https:\/\/abc-plasticsnews.fi\/wp-content\/uploads\/2019\/09\/image-3.png\" alt=\"\"><\/a><a href=\"https:\/\/www.facebook.com\/jukka.silen\"><img loading=\"lazy\" decoding=\"async\" width=\"55\" height=\"55\" class=\"wp-image-840\" style=\"width: 55px;\" src=\"https:\/\/abc-plasticsnews.fi\/wp-content\/uploads\/2019\/09\/Face.png\" alt=\"\" srcset=\"https:\/\/abc-plasticsnews.fi\/wp-content\/uploads\/2019\/09\/Face.png 225w, https:\/\/abc-plasticsnews.fi\/wp-content\/uploads\/2019\/09\/Face-150x150.png 150w, https:\/\/abc-plasticsnews.fi\/wp-content\/uploads\/2019\/09\/Face-194x194.png 194w\" sizes=\"auto, (max-width: 55px) 100vw, 55px\" \/><\/a><\/p>\n<\/div><\/div>\n","protected":false},"excerpt":{"rendered":"<p>ABC Plastics News on kaikille muovialan toimijoille tarkoitettu ammattilehti. Lehti tarjoaa yli 1.600 lukijalleen uusinta uutta niin valmistus- kuin materiaalitekniikan alalta. Niin ik\u00e4\u00e4n se antaa apua ja ohjeita muovituotteiden designista ja suunnittelusta vastaaville. Muoviosia ja -komponentteja tuotteissa k\u00e4ytt\u00e4v\u00e4 teollisuus, kuten vedenk\u00e4sittely ja koneenrakennus, on koko ajan suuremmassa roolissa lehden levikin laajentuessa nopeasti. Tavoitteena on, ett\u00e4 [&hellip;]<\/p>\n","protected":false},"author":2,"featured_media":0,"parent":0,"menu_order":0,"comment_status":"closed","ping_status":"closed","template":"","meta":{"footnotes":""},"class_list":["post-2","page","type-page","status-publish","hentry"],"_links":{"self":[{"href":"https:\/\/abc-plasticsnews.fi\/index.php?rest_route=\/wp\/v2\/pages\/2","targetHints":{"allow":["GET"]}}],"collection":[{"href":"https:\/\/abc-plasticsnews.fi\/index.php?rest_route=\/wp\/v2\/pages"}],"about":[{"href":"https:\/\/abc-plasticsnews.fi\/index.php?rest_route=\/wp\/v2\/types\/page"}],"author":[{"embeddable":true,"href":"https:\/\/abc-plasticsnews.fi\/index.php?rest_route=\/wp\/v2\/users\/2"}],"replies":[{"embeddable":true,"href":"https:\/\/abc-plasticsnews.fi\/index.php?rest_route=%2Fwp%2Fv2%2Fcomments&post=2"}],"version-history":[{"count":18,"href":"https:\/\/abc-plasticsnews.fi\/index.php?rest_route=\/wp\/v2\/pages\/2\/revisions"}],"predecessor-version":[{"id":3832,"href":"https:\/\/abc-plasticsnews.fi\/index.php?rest_route=\/wp\/v2\/pages\/2\/revisions\/3832"}],"wp:attachment":[{"href":"https:\/\/abc-plasticsnews.fi\/index.php?rest_route=%2Fwp%2Fv2%2Fmedia&parent=2"}],"curies":[{"name":"wp","href":"https:\/\/api.w.org\/{rel}","templated":true}]}}